{"id":2694,"date":"2019-09-20T00:33:41","date_gmt":"2019-09-20T00:33:41","guid":{"rendered":"https:\/\/events.asucollegeoflaw.com\/navajolaw\/?page_id=2694"},"modified":"2023-11-02T21:40:29","modified_gmt":"2023-11-02T21:40:29","slug":"shawn-attakai-00","status":"publish","type":"page","link":"https:\/\/events.asucollegeoflaw.com\/navajolaw\/shawn-attakai-00\/","title":{"rendered":"Shawn Attakai (&#8217;00)"},"content":{"rendered":"\n<p>Staff Attorney, Navajo Nation Judicial Branch<\/p>\n\n\n\n<p>Shawn Attakai is Bit\u2019ahnii and Tabaaha, married with children to T\u00f3 Aheedliinii. Shawn is fluent in the Din\u00e9 language and has been practicing as traditional Din<a>\u00e9<\/a> practitioner for almost two decades.\u00a0 He graduated from Dartmouth College (BA \u201995) and ASU College of Law (JD \u201900). Mr. Attakai holds Navajo and Arizona bar licenses, is a peacetime Marine veteran, and has been an attorney for two decades in various capacities including court attorney, associate, and criminal defense. Recently, Mr. Attakai was a Yavapai-Apache Nation associate judge. He currently serves as a Vice-President for the Navajo Nation Bar Association, and an Alumni Council Representative for the Native American Alumni Association of Dartmouth. As a part of the training committee, Mr. Attakai helped develop the Four Directions approach, a legal methodology based on traditional Din\u00e9 Bibeehaz\u2019aanii principles, and a problem-solving approach founded on the four sacred directions that separates the Din\u00e9 legal system from other jurisdictions.<\/p>\n","protected":false},"excerpt":{"rendered":"<p>Staff Attorney, Navajo Nation Judicial Branch Shawn Attakai is Bit\u2019ahnii and Tabaaha, married with children to T\u00f3 Aheedliinii. Shawn is fluent in the Din\u00e9 language and has been practicing as traditional Din\u00e9 practitioner for almost two decades.\u00a0 He graduated from Dartmouth College (BA \u201995) and ASU College of Law (JD \u201900). Mr. Attakai holds Navajo [&hellip;]<\/p>\n","protected":false},"author":15,"featured_media":0,"parent":0,"menu_order":0,"comment_status":"closed","ping_status":"closed","template":"","meta":{"footnotes":""},"class_list":["post-2694","page","type-page","status-publish","hentry"],"yoast_head":"<!-- This site is optimized with the Yoast SEO plugin v17.9 - https:\/\/yoast.com\/wordpress\/plugins\/seo\/ -->\n<title>Shawn Attakai (&#039;00) - Navajo Nation Law CLE<\/title>\n<meta name=\"robots\" content=\"index, follow, max-snippet:-1, max-image-preview:large, max-video-preview:-1\" \/>\n<link rel=\"canonical\" href=\"https:\/\/events.asucollegeoflaw.com\/navajolaw\/shawn-attakai-00\/\" \/>\n<meta property=\"og:locale\" content=\"en_US\" \/>\n<meta property=\"og:type\" content=\"article\" \/>\n<meta property=\"og:title\" content=\"Shawn Attakai (&#039;00) - Navajo Nation Law CLE\" \/>\n<meta property=\"og:description\" content=\"Staff Attorney, Navajo Nation Judicial Branch Shawn Attakai is Bit\u2019ahnii and Tabaaha, married with children to T\u00f3 Aheedliinii. Shawn is fluent in the Din\u00e9 language and has been practicing as traditional Din\u00e9 practitioner for almost two decades.\u00a0 He graduated from Dartmouth College (BA \u201995) and ASU College of Law (JD \u201900). Mr. Attakai holds Navajo [&hellip;]\" \/>\n<meta property=\"og:url\" content=\"https:\/\/events.asucollegeoflaw.com\/navajolaw\/shawn-attakai-00\/\" \/>\n<meta property=\"og:site_name\" content=\"Navajo Nation Law CLE\" \/>\n<meta property=\"article:modified_time\" content=\"2023-11-02T21:40:29+00:00\" \/>\n<meta name=\"twitter:card\" content=\"summary_large_image\" \/>\n<meta name=\"twitter:label1\" content=\"Est. reading time\" \/>\n\t<meta name=\"twitter:data1\" content=\"1 minute\" \/>\n<script type=\"application\/ld+json\" class=\"yoast-schema-graph\">{\"@context\":\"https:\/\/schema.org\",\"@graph\":[{\"@type\":\"WebSite\",\"@id\":\"https:\/\/events.asucollegeoflaw.com\/navajolaw\/#website\",\"url\":\"https:\/\/events.asucollegeoflaw.com\/navajolaw\/\",\"name\":\"Navajo Nation Law CLE\",\"description\":\"\",\"potentialAction\":[{\"@type\":\"SearchAction\",\"target\":{\"@type\":\"EntryPoint\",\"urlTemplate\":\"https:\/\/events.asucollegeoflaw.com\/navajolaw\/?s={search_term_string}\"},\"query-input\":\"required name=search_term_string\"}],\"inLanguage\":\"en-US\"},{\"@type\":\"WebPage\",\"@id\":\"https:\/\/events.asucollegeoflaw.com\/navajolaw\/shawn-attakai-00\/#webpage\",\"url\":\"https:\/\/events.asucollegeoflaw.com\/navajolaw\/shawn-attakai-00\/\",\"name\":\"Shawn Attakai ('00) - Navajo Nation Law CLE\",\"isPartOf\":{\"@id\":\"https:\/\/events.asucollegeoflaw.com\/navajolaw\/#website\"},\"datePublished\":\"2019-09-20T00:33:41+00:00\",\"dateModified\":\"2023-11-02T21:40:29+00:00\",\"breadcrumb\":{\"@id\":\"https:\/\/events.asucollegeoflaw.com\/navajolaw\/shawn-attakai-00\/#breadcrumb\"},\"inLanguage\":\"en-US\",\"potentialAction\":[{\"@type\":\"ReadAction\",\"target\":[\"https:\/\/events.asucollegeoflaw.com\/navajolaw\/shawn-attakai-00\/\"]}]},{\"@type\":\"BreadcrumbList\",\"@id\":\"https:\/\/events.asucollegeoflaw.com\/navajolaw\/shawn-attakai-00\/#breadcrumb\",\"itemListElement\":[{\"@type\":\"ListItem\",\"position\":1,\"name\":\"Home\",\"item\":\"https:\/\/events.asucollegeoflaw.com\/navajolaw\/\"},{\"@type\":\"ListItem\",\"position\":2,\"name\":\"Shawn Attakai (&#8217;00)\"}]}]}<\/script>\n<!-- \/ Yoast SEO plugin. -->","yoast_head_json":{"title":"Shawn Attakai ('00) - Navajo Nation Law CLE","robots":{"index":"index","follow":"follow","max-snippet":"max-snippet:-1","max-image-preview":"max-image-preview:large","max-video-preview":"max-video-preview:-1"},"canonical":"https:\/\/events.asucollegeoflaw.com\/navajolaw\/shawn-attakai-00\/","og_locale":"en_US","og_type":"article","og_title":"Shawn Attakai ('00) - Navajo Nation Law CLE","og_description":"Staff Attorney, Navajo Nation Judicial Branch Shawn Attakai is Bit\u2019ahnii and Tabaaha, married with children to T\u00f3 Aheedliinii. Shawn is fluent in the Din\u00e9 language and has been practicing as traditional Din\u00e9 practitioner for almost two decades.\u00a0 He graduated from Dartmouth College (BA \u201995) and ASU College of Law (JD \u201900). Mr. Attakai holds Navajo [&hellip;]","og_url":"https:\/\/events.asucollegeoflaw.com\/navajolaw\/shawn-attakai-00\/","og_site_name":"Navajo Nation Law CLE","article_modified_time":"2023-11-02T21:40:29+00:00","twitter_card":"summary_large_image","twitter_misc":{"Est. reading time":"1 minute"},"schema":{"@context":"https:\/\/schema.org","@graph":[{"@type":"WebSite","@id":"https:\/\/events.asucollegeoflaw.com\/navajolaw\/#website","url":"https:\/\/events.asucollegeoflaw.com\/navajolaw\/","name":"Navajo Nation Law CLE","description":"","potentialAction":[{"@type":"SearchAction","target":{"@type":"EntryPoint","urlTemplate":"https:\/\/events.asucollegeoflaw.com\/navajolaw\/?s={search_term_string}"},"query-input":"required name=search_term_string"}],"inLanguage":"en-US"},{"@type":"WebPage","@id":"https:\/\/events.asucollegeoflaw.com\/navajolaw\/shawn-attakai-00\/#webpage","url":"https:\/\/events.asucollegeoflaw.com\/navajolaw\/shawn-attakai-00\/","name":"Shawn Attakai ('00) - Navajo Nation Law CLE","isPartOf":{"@id":"https:\/\/events.asucollegeoflaw.com\/navajolaw\/#website"},"datePublished":"2019-09-20T00:33:41+00:00","dateModified":"2023-11-02T21:40:29+00:00","breadcrumb":{"@id":"https:\/\/events.asucollegeoflaw.com\/navajolaw\/shawn-attakai-00\/#breadcrumb"},"inLanguage":"en-US","potentialAction":[{"@type":"ReadAction","target":["https:\/\/events.asucollegeoflaw.com\/navajolaw\/shawn-attakai-00\/"]}]},{"@type":"BreadcrumbList","@id":"https:\/\/events.asucollegeoflaw.com\/navajolaw\/shawn-attakai-00\/#breadcrumb","itemListElement":[{"@type":"ListItem","position":1,"name":"Home","item":"https:\/\/events.asucollegeoflaw.com\/navajolaw\/"},{"@type":"ListItem","position":2,"name":"Shawn Attakai (&#8217;00)"}]}]}},"_links":{"self":[{"href":"https:\/\/events.asucollegeoflaw.com\/navajolaw\/wp-json\/wp\/v2\/pages\/2694","targetHints":{"allow":["GET"]}}],"collection":[{"href":"https:\/\/events.asucollegeoflaw.com\/navajolaw\/wp-json\/wp\/v2\/pages"}],"about":[{"href":"https:\/\/events.asucollegeoflaw.com\/navajolaw\/wp-json\/wp\/v2\/types\/page"}],"author":[{"embeddable":true,"href":"https:\/\/events.asucollegeoflaw.com\/navajolaw\/wp-json\/wp\/v2\/users\/15"}],"replies":[{"embeddable":true,"href":"https:\/\/events.asucollegeoflaw.com\/navajolaw\/wp-json\/wp\/v2\/comments?post=2694"}],"version-history":[{"count":10,"href":"https:\/\/events.asucollegeoflaw.com\/navajolaw\/wp-json\/wp\/v2\/pages\/2694\/revisions"}],"predecessor-version":[{"id":3739,"href":"https:\/\/events.asucollegeoflaw.com\/navajolaw\/wp-json\/wp\/v2\/pages\/2694\/revisions\/3739"}],"wp:attachment":[{"href":"https:\/\/events.asucollegeoflaw.com\/navajolaw\/wp-json\/wp\/v2\/media?parent=2694"}],"curies":[{"name":"wp","href":"https:\/\/api.w.org\/{rel}","templated":true}]}}